{"id":4646,"date":"2026-01-17T18:34:53","date_gmt":"2026-01-17T17:34:53","guid":{"rendered":"https:\/\/staging.ecommerce.tuttocapsuletools.it\/prodotto\/verzi-a-modo-mio-caffe-aroma-ricco-conf-100-box-1\/"},"modified":"2026-05-12T09:12:44","modified_gmt":"2026-05-12T07:12:44","slug":"verzi-a-modo-mio-caffe-aroma-ricco-conf-100-box-1","status":"publish","type":"product","link":"https:\/\/tuttocapsule.it\/fr\/prodotto\/verzi-a-modo-mio-caffe-aroma-ricco-conf-100-box-1\/","title":{"rendered":"Verz\u00ec Ricco 100 capsule"},"content":{"rendered":"<p>Un m\u00e9lange structur\u00e9 qui combine corps et ar\u00f4me de mani\u00e8re impeccable. Pour le syst\u00e8me A Modo Mio, il offre un caf\u00e9 rond avec d&#8217;agr\u00e9ables notes de chocolat et une cr\u00e8me velout\u00e9e.<\/p>\n","protected":false},"excerpt":{"rendered":"<p>Paquet de 100 capsules<br \/>\nCompatible avec Lavazza A Modo Mio<br \/>\nM\u00e9lange \u00e9quilibr\u00e9 avec des notes de cacao et de chocolat<\/p>\n","protected":false},"featured_media":2064,"comment_status":"open","ping_status":"closed","template":"","meta":{"_acf_changed":false},"product_brand":[403],"product_cat":[329,320],"product_tag":[],"product_family":[],"product_group":[],"product_class":[],"product_subgroup":[],"product_index":[],"class_list":{"0":"post-4646","1":"product","2":"type-product","3":"status-publish","4":"has-post-thumbnail","6":"product_brand-verzi","7":"product_cat-amm","8":"product_cat-caf","10":"first","11":"instock","12":"taxable","13":"shipping-taxable","14":"purchasable","15":"product-type-simple"},"acf":[],"_links":{"self":[{"href":"https:\/\/tuttocapsule.it\/fr\/wp-json\/wp\/v2\/product\/4646","targetHints":{"allow":["GET"]}}],"collection":[{"href":"https:\/\/tuttocapsule.it\/fr\/wp-json\/wp\/v2\/product"}],"about":[{"href":"https:\/\/tuttocapsule.it\/fr\/wp-json\/wp\/v2\/types\/product"}],"replies":[{"embeddable":true,"href":"https:\/\/tuttocapsule.it\/fr\/wp-json\/wp\/v2\/comments?post=4646"}],"wp:featuredmedia":[{"embeddable":true,"href":"https:\/\/tuttocapsule.it\/fr\/wp-json\/wp\/v2\/media\/2064"}],"wp:attachment":[{"href":"https:\/\/tuttocapsule.it\/fr\/wp-json\/wp\/v2\/media?parent=4646"}],"wp:term":[{"taxonomy":"product_brand","embeddable":true,"href":"https:\/\/tuttocapsule.it\/fr\/wp-json\/wp\/v2\/product_brand?post=4646"},{"taxonomy":"product_cat","embeddable":true,"href":"https:\/\/tuttocapsule.it\/fr\/wp-json\/wp\/v2\/product_cat?post=4646"},{"taxonomy":"product_tag","embeddable":true,"href":"https:\/\/tuttocapsule.it\/fr\/wp-json\/wp\/v2\/product_tag?post=4646"},{"taxonomy":"product_family","embeddable":true,"href":"https:\/\/tuttocapsule.it\/fr\/wp-json\/wp\/v2\/product_family?post=4646"},{"taxonomy":"product_group","embeddable":true,"href":"https:\/\/tuttocapsule.it\/fr\/wp-json\/wp\/v2\/product_group?post=4646"},{"taxonomy":"product_class","embeddable":true,"href":"https:\/\/tuttocapsule.it\/fr\/wp-json\/wp\/v2\/product_class?post=4646"},{"taxonomy":"product_subgroup","embeddable":true,"href":"https:\/\/tuttocapsule.it\/fr\/wp-json\/wp\/v2\/product_subgroup?post=4646"},{"taxonomy":"product_index","embeddable":true,"href":"https:\/\/tuttocapsule.it\/fr\/wp-json\/wp\/v2\/product_index?post=4646"}],"curies":[{"name":"wp","href":"https:\/\/api.w.org\/{rel}","templated":true}]}}