{"id":4363,"date":"2026-01-30T10:47:55","date_gmt":"2026-01-30T09:47:55","guid":{"rendered":"https:\/\/staging.ecommerce.tuttocapsuletools.it\/prodotto\/pagliero-nespresso-solubile-macaron-amaretto-conf-16-box-8-2\/"},"modified":"2026-05-12T09:11:39","modified_gmt":"2026-05-12T07:11:39","slug":"pagliero-nespresso-solubile-macaron-amaretto-conf-16-box-8-2","status":"publish","type":"product","link":"https:\/\/tuttocapsule.it\/fr\/prodotto\/pagliero-nespresso-solubile-macaron-amaretto-conf-16-box-8-2\/","title":{"rendered":"Pagliero Macaron Amaretto 16 capsule"},"content":{"rendered":"<p>L&#8217;ar\u00f4me du caf\u00e9 rencontre la d\u00e9licieuse saveur de l&#8217;amaretto et d&#8217;une cr\u00e8me au lait onctueuse. Un m\u00e9lange parfait d&#8217;\u00e9nergie et de douceur pour une pause chaleureuse, velout\u00e9e et agr\u00e9able en un seul geste.<\/p>\n","protected":false},"excerpt":{"rendered":"<p>Bo\u00eete de 8 paquets de 16 capsules<br \/>\nCaf\u00e9 instantan\u00e9 et boisson \u00e0 l&#8217;amaretto<br \/>\nCompatible avec les machines Nespresso<br \/>\nDosage recommand\u00e9 : 60 ml<\/p>\n","protected":false},"featured_media":0,"comment_status":"open","ping_status":"closed","template":"","meta":{"_acf_changed":false},"product_brand":[302],"product_cat":[335,322],"product_tag":[],"product_family":[],"product_group":[],"product_class":[],"product_subgroup":[],"product_index":[],"class_list":{"0":"post-4363","1":"product","2":"type-product","3":"status-publish","5":"product_brand-pagliero","6":"product_cat-nes","7":"product_cat-sol","9":"first","10":"instock","11":"taxable","12":"shipping-taxable","13":"purchasable","14":"product-type-simple"},"acf":[],"_links":{"self":[{"href":"https:\/\/tuttocapsule.it\/fr\/wp-json\/wp\/v2\/product\/4363","targetHints":{"allow":["GET"]}}],"collection":[{"href":"https:\/\/tuttocapsule.it\/fr\/wp-json\/wp\/v2\/product"}],"about":[{"href":"https:\/\/tuttocapsule.it\/fr\/wp-json\/wp\/v2\/types\/product"}],"replies":[{"embeddable":true,"href":"https:\/\/tuttocapsule.it\/fr\/wp-json\/wp\/v2\/comments?post=4363"}],"wp:attachment":[{"href":"https:\/\/tuttocapsule.it\/fr\/wp-json\/wp\/v2\/media?parent=4363"}],"wp:term":[{"taxonomy":"product_brand","embeddable":true,"href":"https:\/\/tuttocapsule.it\/fr\/wp-json\/wp\/v2\/product_brand?post=4363"},{"taxonomy":"product_cat","embeddable":true,"href":"https:\/\/tuttocapsule.it\/fr\/wp-json\/wp\/v2\/product_cat?post=4363"},{"taxonomy":"product_tag","embeddable":true,"href":"https:\/\/tuttocapsule.it\/fr\/wp-json\/wp\/v2\/product_tag?post=4363"},{"taxonomy":"product_family","embeddable":true,"href":"https:\/\/tuttocapsule.it\/fr\/wp-json\/wp\/v2\/product_family?post=4363"},{"taxonomy":"product_group","embeddable":true,"href":"https:\/\/tuttocapsule.it\/fr\/wp-json\/wp\/v2\/product_group?post=4363"},{"taxonomy":"product_class","embeddable":true,"href":"https:\/\/tuttocapsule.it\/fr\/wp-json\/wp\/v2\/product_class?post=4363"},{"taxonomy":"product_subgroup","embeddable":true,"href":"https:\/\/tuttocapsule.it\/fr\/wp-json\/wp\/v2\/product_subgroup?post=4363"},{"taxonomy":"product_index","embeddable":true,"href":"https:\/\/tuttocapsule.it\/fr\/wp-json\/wp\/v2\/product_index?post=4363"}],"curies":[{"name":"wp","href":"https:\/\/api.w.org\/{rel}","templated":true}]}}