{"id":3890,"date":"2026-01-30T10:47:02","date_gmt":"2026-01-30T09:47:02","guid":{"rendered":"https:\/\/staging.ecommerce.tuttocapsuletools.it\/prodotto\/lavazza-nespresso-decaffeinato-classico-alluminio-conf-10-box-10-2\/"},"modified":"2026-05-12T09:08:55","modified_gmt":"2026-05-12T07:08:55","slug":"lavazza-nespresso-decaffeinato-classico-alluminio-conf-10-box-10-2","status":"publish","type":"product","link":"https:\/\/tuttocapsule.it\/fr\/prodotto\/lavazza-nespresso-decaffeinato-classico-alluminio-conf-10-box-10-2\/","title":{"rendered":"Lavazza Decaffeinato 10 capsule"},"content":{"rendered":"<p>Tout le go\u00fbt, sans caf\u00e9ine. Un espresso plein et \u00e9quilibr\u00e9 qui conserve intact l&#8217;ar\u00f4me et le corps du caf\u00e9 classique gr\u00e2ce \u00e0 un processus de d\u00e9caf\u00e9ination naturel. Caract\u00e9ris\u00e9 par une torr\u00e9faction moyenne qui en exalte la douceur, il r\u00e9v\u00e8le d&#8217;agr\u00e9ables notes de c\u00e9r\u00e9ales grill\u00e9es et un arri\u00e8re-go\u00fbt doux et persistant. Le choix id\u00e9al pour ceux qui d\u00e9sirent le plaisir d&#8217;un excellent caf\u00e9 Lavazza \u00e0 tout moment de la journ\u00e9e, sans renoncer \u00e0 la richesse du go\u00fbt.<\/p>\n","protected":false},"excerpt":{"rendered":"<p>10 capsules en aluminium<br \/>\nCompatible avec le syst\u00e8me Nespresso<br \/>\nM\u00e9lange Arabica et Robusta<br \/>\nTorr\u00e9faction : Moyenne<br \/>\nProvenance du caf\u00e9 : Am\u00e9rique du Sud, Asie du Sud-Est<br \/>\nLongueur conseill\u00e9e : 35 ml<\/p>\n","protected":false},"featured_media":0,"comment_status":"open","ping_status":"closed","template":"","meta":{"_acf_changed":false},"product_brand":[367],"product_cat":[321,335],"product_tag":[],"product_family":[],"product_group":[],"product_class":[],"product_subgroup":[],"product_index":[],"class_list":{"0":"post-3890","1":"product","2":"type-product","3":"status-publish","5":"product_brand-lavazza","6":"product_cat-dek","7":"product_cat-nes","9":"first","10":"instock","11":"taxable","12":"shipping-taxable","13":"purchasable","14":"product-type-simple"},"acf":[],"_links":{"self":[{"href":"https:\/\/tuttocapsule.it\/fr\/wp-json\/wp\/v2\/product\/3890","targetHints":{"allow":["GET"]}}],"collection":[{"href":"https:\/\/tuttocapsule.it\/fr\/wp-json\/wp\/v2\/product"}],"about":[{"href":"https:\/\/tuttocapsule.it\/fr\/wp-json\/wp\/v2\/types\/product"}],"replies":[{"embeddable":true,"href":"https:\/\/tuttocapsule.it\/fr\/wp-json\/wp\/v2\/comments?post=3890"}],"wp:attachment":[{"href":"https:\/\/tuttocapsule.it\/fr\/wp-json\/wp\/v2\/media?parent=3890"}],"wp:term":[{"taxonomy":"product_brand","embeddable":true,"href":"https:\/\/tuttocapsule.it\/fr\/wp-json\/wp\/v2\/product_brand?post=3890"},{"taxonomy":"product_cat","embeddable":true,"href":"https:\/\/tuttocapsule.it\/fr\/wp-json\/wp\/v2\/product_cat?post=3890"},{"taxonomy":"product_tag","embeddable":true,"href":"https:\/\/tuttocapsule.it\/fr\/wp-json\/wp\/v2\/product_tag?post=3890"},{"taxonomy":"product_family","embeddable":true,"href":"https:\/\/tuttocapsule.it\/fr\/wp-json\/wp\/v2\/product_family?post=3890"},{"taxonomy":"product_group","embeddable":true,"href":"https:\/\/tuttocapsule.it\/fr\/wp-json\/wp\/v2\/product_group?post=3890"},{"taxonomy":"product_class","embeddable":true,"href":"https:\/\/tuttocapsule.it\/fr\/wp-json\/wp\/v2\/product_class?post=3890"},{"taxonomy":"product_subgroup","embeddable":true,"href":"https:\/\/tuttocapsule.it\/fr\/wp-json\/wp\/v2\/product_subgroup?post=3890"},{"taxonomy":"product_index","embeddable":true,"href":"https:\/\/tuttocapsule.it\/fr\/wp-json\/wp\/v2\/product_index?post=3890"}],"curies":[{"name":"wp","href":"https:\/\/api.w.org\/{rel}","templated":true}]}}