{"id":3866,"date":"2026-01-17T18:27:14","date_gmt":"2026-01-17T17:27:14","guid":{"rendered":"https:\/\/staging.ecommerce.tuttocapsuletools.it\/prodotto\/lavazza-nespresso-caffe-ristretto-alluminio-conf-10-box-10\/"},"modified":"2026-05-12T09:08:46","modified_gmt":"2026-05-12T07:08:46","slug":"lavazza-nespresso-caffe-ristretto-alluminio-conf-10-box-10","status":"publish","type":"product","link":"https:\/\/tuttocapsule.it\/fr\/prodotto\/lavazza-nespresso-caffe-ristretto-alluminio-conf-10-box-10\/","title":{"rendered":"Lavazza Ristretto 10 capsule"},"content":{"rendered":"<p>Intensit\u00e9 et ma\u00eetrise. De la rencontre d&#8217;Arabica d&#8217;Am\u00e9rique centrale et du Sud et de Robusta africains et asiatiques, na\u00eet un m\u00e9lange au corps plein et d\u00e9cid\u00e9. La torr\u00e9faction fonc\u00e9e et l&#8217;extraction courte en exaltent l&#8217;intensit\u00e9, r\u00e9v\u00e9lant des notes enveloppantes de chocolat et de caramel. Un espresso court, cr\u00e9meux et persistant, con\u00e7u pour ceux qui recherchent toute l&#8217;\u00e9nergie d&#8217;un v\u00e9ritable ristretto italien en capsules compatibles.<\/p>\n","protected":false},"excerpt":{"rendered":"<p>Contient 10 capsules Nespresso<br \/>\nBoisson soluble au caf\u00e9 et cacao<br \/>\nCompatible avec les machines Nespresso<br \/>\nLongueur conseill\u00e9e : 60 ml<\/p>\n","protected":false},"featured_media":1655,"comment_status":"open","ping_status":"closed","template":"","meta":{"_acf_changed":false},"product_brand":[367],"product_cat":[320,335],"product_tag":[],"product_family":[],"product_group":[],"product_class":[],"product_subgroup":[],"product_index":[],"class_list":{"0":"post-3866","1":"product","2":"type-product","3":"status-publish","4":"has-post-thumbnail","6":"product_brand-lavazza","7":"product_cat-caf","8":"product_cat-nes","10":"first","11":"instock","12":"taxable","13":"shipping-taxable","14":"purchasable","15":"product-type-simple"},"acf":[],"_links":{"self":[{"href":"https:\/\/tuttocapsule.it\/fr\/wp-json\/wp\/v2\/product\/3866","targetHints":{"allow":["GET"]}}],"collection":[{"href":"https:\/\/tuttocapsule.it\/fr\/wp-json\/wp\/v2\/product"}],"about":[{"href":"https:\/\/tuttocapsule.it\/fr\/wp-json\/wp\/v2\/types\/product"}],"replies":[{"embeddable":true,"href":"https:\/\/tuttocapsule.it\/fr\/wp-json\/wp\/v2\/comments?post=3866"}],"wp:featuredmedia":[{"embeddable":true,"href":"https:\/\/tuttocapsule.it\/fr\/wp-json\/wp\/v2\/media\/1655"}],"wp:attachment":[{"href":"https:\/\/tuttocapsule.it\/fr\/wp-json\/wp\/v2\/media?parent=3866"}],"wp:term":[{"taxonomy":"product_brand","embeddable":true,"href":"https:\/\/tuttocapsule.it\/fr\/wp-json\/wp\/v2\/product_brand?post=3866"},{"taxonomy":"product_cat","embeddable":true,"href":"https:\/\/tuttocapsule.it\/fr\/wp-json\/wp\/v2\/product_cat?post=3866"},{"taxonomy":"product_tag","embeddable":true,"href":"https:\/\/tuttocapsule.it\/fr\/wp-json\/wp\/v2\/product_tag?post=3866"},{"taxonomy":"product_family","embeddable":true,"href":"https:\/\/tuttocapsule.it\/fr\/wp-json\/wp\/v2\/product_family?post=3866"},{"taxonomy":"product_group","embeddable":true,"href":"https:\/\/tuttocapsule.it\/fr\/wp-json\/wp\/v2\/product_group?post=3866"},{"taxonomy":"product_class","embeddable":true,"href":"https:\/\/tuttocapsule.it\/fr\/wp-json\/wp\/v2\/product_class?post=3866"},{"taxonomy":"product_subgroup","embeddable":true,"href":"https:\/\/tuttocapsule.it\/fr\/wp-json\/wp\/v2\/product_subgroup?post=3866"},{"taxonomy":"product_index","embeddable":true,"href":"https:\/\/tuttocapsule.it\/fr\/wp-json\/wp\/v2\/product_index?post=3866"}],"curies":[{"name":"wp","href":"https:\/\/api.w.org\/{rel}","templated":true}]}}