{"id":3162,"date":"2026-01-17T18:20:38","date_gmt":"2026-01-17T17:20:38","guid":{"rendered":"https:\/\/staging.ecommerce.tuttocapsuletools.it\/prodotto\/borbone-espr-point-solubile-orzo-conf-25-box-1\/"},"modified":"2026-05-12T09:04:25","modified_gmt":"2026-05-12T07:04:25","slug":"borbone-espr-point-solubile-orzo-conf-25-box-1","status":"publish","type":"product","link":"https:\/\/tuttocapsule.it\/fr\/prodotto\/borbone-espr-point-solubile-orzo-conf-25-box-1\/","title":{"rendered":"Borbone Solubile Orzo 25 capsule"},"content":{"rendered":"<p>Capsules solubles Espresso Point \u00e0 l&#8217;orge. Boisson naturellement sans caf\u00e9ine, au go\u00fbt doux et torr\u00e9fi\u00e9, avec des notes sucr\u00e9es de c\u00e9r\u00e9ales et un ar\u00f4me persistant.<\/p>\n","protected":false},"excerpt":{"rendered":"<p>Paquet de 25 capsules FAP<br \/>\nBoisson soluble d&#8217;orge torr\u00e9fi\u00e9e<br \/>\nLongueur conseill\u00e9e : 45 ml<\/p>\n","protected":false},"featured_media":1093,"comment_status":"open","ping_status":"closed","template":"","meta":{"_acf_changed":false},"product_brand":[328],"product_cat":[334,322],"product_tag":[],"product_family":[],"product_group":[],"product_class":[],"product_subgroup":[],"product_index":[],"class_list":{"0":"post-3162","1":"product","2":"type-product","3":"status-publish","4":"has-post-thumbnail","6":"product_brand-borbone","7":"product_cat-exp","8":"product_cat-sol","10":"first","11":"instock","12":"taxable","13":"shipping-taxable","14":"purchasable","15":"product-type-simple"},"acf":[],"_links":{"self":[{"href":"https:\/\/tuttocapsule.it\/fr\/wp-json\/wp\/v2\/product\/3162","targetHints":{"allow":["GET"]}}],"collection":[{"href":"https:\/\/tuttocapsule.it\/fr\/wp-json\/wp\/v2\/product"}],"about":[{"href":"https:\/\/tuttocapsule.it\/fr\/wp-json\/wp\/v2\/types\/product"}],"replies":[{"embeddable":true,"href":"https:\/\/tuttocapsule.it\/fr\/wp-json\/wp\/v2\/comments?post=3162"}],"wp:featuredmedia":[{"embeddable":true,"href":"https:\/\/tuttocapsule.it\/fr\/wp-json\/wp\/v2\/media\/1093"}],"wp:attachment":[{"href":"https:\/\/tuttocapsule.it\/fr\/wp-json\/wp\/v2\/media?parent=3162"}],"wp:term":[{"taxonomy":"product_brand","embeddable":true,"href":"https:\/\/tuttocapsule.it\/fr\/wp-json\/wp\/v2\/product_brand?post=3162"},{"taxonomy":"product_cat","embeddable":true,"href":"https:\/\/tuttocapsule.it\/fr\/wp-json\/wp\/v2\/product_cat?post=3162"},{"taxonomy":"product_tag","embeddable":true,"href":"https:\/\/tuttocapsule.it\/fr\/wp-json\/wp\/v2\/product_tag?post=3162"},{"taxonomy":"product_family","embeddable":true,"href":"https:\/\/tuttocapsule.it\/fr\/wp-json\/wp\/v2\/product_family?post=3162"},{"taxonomy":"product_group","embeddable":true,"href":"https:\/\/tuttocapsule.it\/fr\/wp-json\/wp\/v2\/product_group?post=3162"},{"taxonomy":"product_class","embeddable":true,"href":"https:\/\/tuttocapsule.it\/fr\/wp-json\/wp\/v2\/product_class?post=3162"},{"taxonomy":"product_subgroup","embeddable":true,"href":"https:\/\/tuttocapsule.it\/fr\/wp-json\/wp\/v2\/product_subgroup?post=3162"},{"taxonomy":"product_index","embeddable":true,"href":"https:\/\/tuttocapsule.it\/fr\/wp-json\/wp\/v2\/product_index?post=3162"}],"curies":[{"name":"wp","href":"https:\/\/api.w.org\/{rel}","templated":true}]}}